{"id":118,"date":"2021-01-18T01:56:52","date_gmt":"2021-01-18T01:56:52","guid":{"rendered":"http:\/\/ivfoverseas.com\/?page_id=118"},"modified":"2021-01-18T03:38:40","modified_gmt":"2021-01-18T03:38:40","slug":"turkey-ivf","status":"publish","type":"page","link":"http:\/\/ivfoverseas.com\/index.php\/countries\/turkey-ivf\/","title":{"rendered":"Turkey IVF"},"content":{"rendered":"\n<p>Turkey is fast growing as a popular destination for IVF because of the price, the advancement in technology and also the scenic coastal towns.<\/p>\n\n\n\n<p>Currency in Turkey&#8217;s Lira has dropped in value so much (almost 60% drop against USD at the time of this publication) significantly making IVF in Turkey very affordable.<\/p>\n\n\n\n<p>Although Turkey does not allow sperm, egg or any kind of donation and its laws falls outside of the European Union, the cost and location is very attractive to many. Many doctors in Turkey follow US Practices and procedures. One is even partner of John Hopkins Hospital.<\/p>\n\n\n\n<p><strong>Cost Approximately<\/strong> at  Average of $3700 and as low as $2,200<\/p>\n\n\n\n<p>This is comparatively cheaper than $5000 &#8211; $25,000 package price in US<\/p>\n\n\n\n<p><strong>Cities in Turkey<\/strong><\/p>\n\n\n\n<p>Istanbul <\/p>\n\n\n\n<p>Ankara<\/p>\n\n\n\n<p>Kocaeli <\/p>\n\n\n\n<figure class=\"wp-block-gallery columns-2 is-cropped\"><ul class=\"blocks-gallery-grid\"><li class=\"blocks-gallery-item\"><figure><img loading=\"lazy\" width=\"1024\" height=\"683\" src=\"http:\/\/ivfoverseas.com\/wp-content\/uploads\/2021\/01\/Turkey-Overview-1024x683.jpg\" alt=\"\" data-id=\"124\" data-full-url=\"http:\/\/ivfoverseas.com\/wp-content\/uploads\/2021\/01\/Turkey-Overview.jpg\" data-link=\"http:\/\/ivfoverseas.com\/?attachment_id=124\" class=\"wp-image-124\" srcset=\"http:\/\/ivfoverseas.com\/wp-content\/uploads\/2021\/01\/Turkey-Overview-1024x683.jpg 1024w, http:\/\/ivfoverseas.com\/wp-content\/uploads\/2021\/01\/Turkey-Overview-300x200.jpg 300w, http:\/\/ivfoverseas.com\/wp-content\/uploads\/2021\/01\/Turkey-Overview-768x512.jpg 768w, http:\/\/ivfoverseas.com\/wp-content\/uploads\/2021\/01\/Turkey-Overview-1536x1024.jpg 1536w, http:\/\/ivfoverseas.com\/wp-content\/uploads\/2021\/01\/Turkey-Overview.jpg 2048w\" sizes=\"(max-width: 1024px) 100vw, 1024px\" \/><figcaption class=\"blocks-gallery-item__caption\">Aerial view of Istanbul lit up at night<\/figcaption><\/figure><\/li><li class=\"blocks-gallery-item\"><figure><img loading=\"lazy\" width=\"1024\" height=\"683\" src=\"http:\/\/ivfoverseas.com\/wp-content\/uploads\/2021\/01\/Turkey-People-on-the-street-1024x683.jpg\" alt=\"\" data-id=\"125\" data-full-url=\"http:\/\/ivfoverseas.com\/wp-content\/uploads\/2021\/01\/Turkey-People-on-the-street.jpg\" data-link=\"http:\/\/ivfoverseas.com\/?attachment_id=125\" class=\"wp-image-125\" srcset=\"http:\/\/ivfoverseas.com\/wp-content\/uploads\/2021\/01\/Turkey-People-on-the-street-1024x683.jpg 1024w, http:\/\/ivfoverseas.com\/wp-content\/uploads\/2021\/01\/Turkey-People-on-the-street-300x200.jpg 300w, http:\/\/ivfoverseas.com\/wp-content\/uploads\/2021\/01\/Turkey-People-on-the-street-768x512.jpg 768w, http:\/\/ivfoverseas.com\/wp-content\/uploads\/2021\/01\/Turkey-People-on-the-street-1536x1024.jpg 1536w, http:\/\/ivfoverseas.com\/wp-content\/uploads\/2021\/01\/Turkey-People-on-the-street.jpg 2048w\" sizes=\"(max-width: 1024px) 100vw, 1024px\" \/><figcaption class=\"blocks-gallery-item__caption\">Tramway passing through large crowded Istiklal street in Taksim, Beyoglu, Istanbul, Turkey.<\/figcaption><\/figure><\/li><\/ul><\/figure>\n\n\n\n<p><\/p>\n\n\n\n<ul><li>Memorial Sisli Hospital<ul><li>Kaptan Pa\u015fa, Kaptan Pa\u015fa Mah. Piyale Pa\u015fa Bulv, Okmeydan\u0131 Cd. No: 4, 34384 \u015ei\u015fli\/\u0130stanbul, Turkey<\/li><li>Tel: &nbsp;<a href=\"https:\/\/www.google.com\/search?q=Memorial+Sisli+Hospital&amp;oq=Memorial+Sisli+Hospital+&amp;aqs=chrome..69i57.34058j0j7&amp;sourceid=chrome&amp;ie=UTF-8#\">+90 212 314 66 66<\/a><\/li><li>Make an appointment and don&#8217;t forget to quote this website when doing that. Sometimes we have promotions with hospitals. Please check directly.<\/li><\/ul><\/li><li>Memorial Bahcelievler Hospital<ul><li>Bah\u00e7elievler Merkez, Eski Londra Asf Cd No: 227, 34180 Bah\u00e7elievler\/\u0130stanbul, Turkey<\/li><li>Tel <a href=\"https:\/\/www.google.com\/search?ei=B-cEYPTpM9ul5NoPi-u2yAo&amp;q=Memorial+Bahcelievler+Hospital+ivf&amp;oq=Memorial+Bahcelievler+Hospital+ivf&amp;gs_lcp=CgZwc3ktYWIQAzIICCEQFhAdEB46BAgAEEc6DQguEMcBEK8BEEMQkwI6BggAEBYQHjoQCC4QxwEQrwEQyQMQQxCTAlC6TFiYVGCSVWgAcAJ4AIABXogBpgKSAQE0mAEAoAEBqgEHZ3dzLXdpesgBCMABAQ&amp;sclient=psy-ab&amp;ved=0ahUKEwi0if7xrKTuAhXbElkFHYu1DakQ4dUDCA0&amp;uact=5#\">+90 212 408 45 45<\/a><\/li><\/ul><\/li><li>Memorial Atasehir Hospital<ul><li>K\u00fc\u00e7\u00fckbakkalk\u00f6y, Vedat G\u00fcnyol Cd. No:28-30, 34750 Ata\u015fehir\/\u0130stanbul, Turkey<\/li><li><a href=\"https:\/\/www.google.com\/search?q=Memorial+Atasehir+Hospital&amp;oq=Memorial+Atasehir+Hospital&amp;aqs=chrome..69i57.663j0j7&amp;sourceid=chrome&amp;ie=UTF-8#\">+90 216 570 66 66<\/a><\/li><\/ul><\/li><li>Medicana Hospitals Group (Istanbul &amp; multiple other locations)<ul><li>Beylikd\u00fcz\u00fc Cd. No: 3, 34520 Beylikd\u00fcz\u00fc\/\u0130stanbul<\/li><li>medicanaipc@medicana.com.tr<\/li><li>https:\/\/www.medicanainternational.com\/treatment\/16\/fertiliy-center-ivf<\/li><li>+90 850 460 6334<\/li><li><\/li><\/ul><\/li><li>Anadolu Medical Group (Kocaeli, Gebze)<ul><li>Cumhuriyet Mah, 2255. Sk. No: 3, 41400 Gebze\/Kocaeli, Turkey<\/li><li><a href=\"https:\/\/www.google.com\/search?q=Anadolu+Medical+Group&amp;oq=Anadolu+Medical+Group&amp;aqs=chrome..69i57.283j0j7&amp;sourceid=chrome&amp;ie=UTF-8#\">+90 4444276<\/a><\/li><li>Anadolu is a partner of the Johns Hopkins Hospital<\/li><li>Price $3800 &#8211; $4800<\/li><\/ul><\/li><\/ul>\n\n\n\n<figure class=\"wp-block-gallery columns-3 is-cropped\"><ul class=\"blocks-gallery-grid\"><li class=\"blocks-gallery-item\"><figure><img loading=\"lazy\" width=\"450\" height=\"300\" src=\"http:\/\/ivfoverseas.com\/wp-content\/uploads\/2021\/01\/anadolu-high-tech.png\" alt=\"\" data-id=\"120\" data-full-url=\"http:\/\/ivfoverseas.com\/wp-content\/uploads\/2021\/01\/anadolu-high-tech.png\" data-link=\"http:\/\/ivfoverseas.com\/?attachment_id=120\" class=\"wp-image-120\" srcset=\"http:\/\/ivfoverseas.com\/wp-content\/uploads\/2021\/01\/anadolu-high-tech.png 450w, http:\/\/ivfoverseas.com\/wp-content\/uploads\/2021\/01\/anadolu-high-tech-300x200.png 300w\" sizes=\"(max-width: 450px) 100vw, 450px\" \/><\/figure><\/li><li class=\"blocks-gallery-item\"><figure><img loading=\"lazy\" width=\"450\" height=\"300\" src=\"http:\/\/ivfoverseas.com\/wp-content\/uploads\/2021\/01\/anadolu-mri.png\" alt=\"\" data-id=\"121\" data-full-url=\"http:\/\/ivfoverseas.com\/wp-content\/uploads\/2021\/01\/anadolu-mri.png\" data-link=\"http:\/\/ivfoverseas.com\/?attachment_id=121\" class=\"wp-image-121\" srcset=\"http:\/\/ivfoverseas.com\/wp-content\/uploads\/2021\/01\/anadolu-mri.png 450w, http:\/\/ivfoverseas.com\/wp-content\/uploads\/2021\/01\/anadolu-mri-300x200.png 300w\" sizes=\"(max-width: 450px) 100vw, 450px\" \/><\/figure><\/li><li class=\"blocks-gallery-item\"><figure><img loading=\"lazy\" width=\"1024\" height=\"683\" src=\"http:\/\/ivfoverseas.com\/wp-content\/uploads\/2021\/01\/anadolu-patient-in-bed-room-1-1024x683.jpeg\" alt=\"\" data-id=\"122\" data-full-url=\"http:\/\/ivfoverseas.com\/wp-content\/uploads\/2021\/01\/anadolu-patient-in-bed-room-1-scaled.jpeg\" data-link=\"http:\/\/ivfoverseas.com\/?attachment_id=122\" class=\"wp-image-122\" srcset=\"http:\/\/ivfoverseas.com\/wp-content\/uploads\/2021\/01\/anadolu-patient-in-bed-room-1-1024x683.jpeg 1024w, http:\/\/ivfoverseas.com\/wp-content\/uploads\/2021\/01\/anadolu-patient-in-bed-room-1-300x200.jpeg 300w, http:\/\/ivfoverseas.com\/wp-content\/uploads\/2021\/01\/anadolu-patient-in-bed-room-1-768x512.jpeg 768w, http:\/\/ivfoverseas.com\/wp-content\/uploads\/2021\/01\/anadolu-patient-in-bed-room-1-1536x1024.jpeg 1536w, http:\/\/ivfoverseas.com\/wp-content\/uploads\/2021\/01\/anadolu-patient-in-bed-room-1-2048x1365.jpeg 2048w\" sizes=\"(max-width: 1024px) 100vw, 1024px\" \/><\/figure><\/li><li class=\"blocks-gallery-item\"><figure><img loading=\"lazy\" width=\"450\" height=\"300\" src=\"http:\/\/ivfoverseas.com\/wp-content\/uploads\/2021\/01\/Andola-hospital.jpeg\" alt=\"\" data-id=\"123\" data-full-url=\"http:\/\/ivfoverseas.com\/wp-content\/uploads\/2021\/01\/Andola-hospital.jpeg\" data-link=\"http:\/\/ivfoverseas.com\/?attachment_id=123\" class=\"wp-image-123\" srcset=\"http:\/\/ivfoverseas.com\/wp-content\/uploads\/2021\/01\/Andola-hospital.jpeg 450w, http:\/\/ivfoverseas.com\/wp-content\/uploads\/2021\/01\/Andola-hospital-300x200.jpeg 300w\" sizes=\"(max-width: 450px) 100vw, 450px\" \/><\/figure><\/li><\/ul><\/figure>\n\n\n\n<figure class=\"wp-block-embed is-type-video is-provider-youtube wp-block-embed-youtube wp-embed-aspect-16-9 wp-has-aspect-ratio\"><div class=\"wp-block-embed__wrapper\">\n<iframe title=\"What Can $10 Get in TURKEY? (i love this country)\" width=\"696\" height=\"392\" src=\"https:\/\/www.youtube.com\/embed\/V9Q4dChFyRI?feature=oembed\" frameborder=\"0\" allow=\"accelerometer; autoplay; clipboard-write; encrypted-media; gyroscope; picture-in-picture\" allowfullscreen><\/iframe>\n<\/div><\/figure>\n\n\n\n<p><strong>Places to Live and Stay in Istanbul by Turkey Alladin.<\/strong><\/p>\n\n\n\n<figure class=\"wp-block-embed is-type-video is-provider-youtube wp-block-embed-youtube wp-embed-aspect-16-9 wp-has-aspect-ratio\"><div class=\"wp-block-embed__wrapper\">\n<iframe title=\"Best areas to live in \u0130STANBUL\" width=\"696\" height=\"392\" src=\"https:\/\/www.youtube.com\/embed\/tvoDOSreHBo?feature=oembed\" frameborder=\"0\" allow=\"accelerometer; autoplay; clipboard-write; encrypted-media; gyroscope; picture-in-picture\" allowfullscreen><\/iframe>\n<\/div><\/figure>\n","protected":false},"excerpt":{"rendered":"<p>Turkey is fast growing as a popular destination for IVF because of the price, the advancement in technology and also the scenic coastal towns. Currency in Turkey&#8217;s Lira has dropped in value so much (almost 60% drop against USD at the time of this publication) significantly making IVF in Turkey very affordable. Although Turkey does<\/p><\/div>\n<div class=\"blog-btn\"><a href=\"http:\/\/ivfoverseas.com\/index.php\/countries\/turkey-ivf\/\" class=\"home-blog-btn\">Read More<\/a><\/p>\n","protected":false},"author":1,"featured_media":0,"parent":22,"menu_order":6,"comment_status":"closed","ping_status":"closed","template":"","meta":[],"_links":{"self":[{"href":"http:\/\/ivfoverseas.com\/index.php\/wp-json\/wp\/v2\/pages\/118"}],"collection":[{"href":"http:\/\/ivfoverseas.com\/index.php\/wp-json\/wp\/v2\/pages"}],"about":[{"href":"http:\/\/ivfoverseas.com\/index.php\/wp-json\/wp\/v2\/types\/page"}],"author":[{"embeddable":true,"href":"http:\/\/ivfoverseas.com\/index.php\/wp-json\/wp\/v2\/users\/1"}],"replies":[{"embeddable":true,"href":"http:\/\/ivfoverseas.com\/index.php\/wp-json\/wp\/v2\/comments?post=118"}],"version-history":[{"count":6,"href":"http:\/\/ivfoverseas.com\/index.php\/wp-json\/wp\/v2\/pages\/118\/revisions"}],"predecessor-version":[{"id":168,"href":"http:\/\/ivfoverseas.com\/index.php\/wp-json\/wp\/v2\/pages\/118\/revisions\/168"}],"up":[{"embeddable":true,"href":"http:\/\/ivfoverseas.com\/index.php\/wp-json\/wp\/v2\/pages\/22"}],"wp:attachment":[{"href":"http:\/\/ivfoverseas.com\/index.php\/wp-json\/wp\/v2\/media?parent=118"}],"curies":[{"name":"wp","href":"https:\/\/api.w.org\/{rel}","templated":true}]}}